{"id":30,"date":"2020-03-15T21:58:05","date_gmt":"2020-03-15T20:58:05","guid":{"rendered":"http:\/\/eglisematthania.com\/?page_id=30"},"modified":"2026-01-04T19:28:25","modified_gmt":"2026-01-04T18:28:25","slug":"qui-sommes-nous","status":"publish","type":"page","link":"https:\/\/eglisematthania.com\/index.php\/qui-sommes-nous\/","title":{"rendered":"Qui sommes-nous ?"},"content":{"rendered":"\n<div class=\"wp-block-group\"><div class=\"wp-block-group__inner-container is-layout-constrained wp-block-group-is-layout-constrained\"><div id=\"cmsmasters_row_merm0r5pi\" class=\"cmsmasters_row cmsmasters_color_scheme_default cmsmasters_row_top_default cmsmasters_row_bot_default cmsmasters_row_boxed\">\n<div class=\"cmsmasters_row_outer_parent\">\n<div class=\"cmsmasters_row_outer\">\n<div class=\"cmsmasters_row_inner\">\n<div class=\"cmsmasters_row_margin\">\n<div id=\"cmsmasters_column_89yakf0u02\" class=\"cmsmasters_column one_first\">\n<div class=\"cmsmasters_column_inner\">\n<div class=\"cmsmasters_slider\">[layerslider id=\"3\"]<\/div>\n<\/div><\/div>\n<\/div>\n<\/div>\n<\/div>\n<\/div>\n<\/div>\n\n\n\n\n<div id=\"cmsmasters_row_v6l9u460vq\" class=\"cmsmasters_row cmsmasters_color_scheme_default cmsmasters_row_top_default cmsmasters_row_bot_default cmsmasters_row_boxed\">\n<div class=\"cmsmasters_row_outer_parent\">\n<div class=\"cmsmasters_row_outer\">\n<div class=\"cmsmasters_row_inner\">\n<div class=\"cmsmasters_row_margin\">\n<div id=\"cmsmasters_column_k3pth99l8r\" class=\"cmsmasters_column one_first\">\n<div class=\"cmsmasters_column_inner\"><div id=\"cmsmasters_heading_s87oe050a\" class=\"cmsmasters_heading_wrap cmsmasters_heading_align_left\">\n\t<h2 class=\"cmsmasters_heading\">Fondements<\/h2>\n<\/div>\n<\/div><\/div>\n<\/div>\n<\/div>\n<\/div>\n<\/div>\n<\/div>\n\n\n\n<div id=\"cmsmasters_row_nv0oul7sva\" class=\"cmsmasters_row cmsmasters_color_scheme_default cmsmasters_row_top_default cmsmasters_row_bot_default cmsmasters_row_boxed\">\n<div class=\"cmsmasters_row_outer_parent\">\n<div class=\"cmsmasters_row_outer\">\n<div class=\"cmsmasters_row_inner\">\n<div class=\"cmsmasters_row_margin\">\n<div id=\"cmsmasters_column_qgk3otawdh\" class=\"cmsmasters_column one_half\">\n<div class=\"cmsmasters_column_inner\"><div id=\"cmsmasters_icon_box_q865wzntc\" class=\"cmsmasters_icon_box cmsmasters_icon_heading_left box_icon_type_icon\">\n<div class=\"icon_box_inner\">\n<h3 class=\"icon_box_heading cmsmasters-icon-direction-3\">Notre Objectif<\/h3>\n<div class=\"icon_box_text\">\n<p><span style=\"font-weight: 400;\">Notre objectif principal en tant qu \u00e9glise locale est de conduire les gens, non pas vers nous, ni dans notre \u00e9glise, mais \u00e0 J\u00e9sus Christ.\u00a0<\/span><span style=\"font-weight: 400;\">Il est le centre de notre vision.\u00a0<\/span><span style=\"font-weight: 400;\">Il est l&rsquo;objet de notre t\u00e9moignage.<\/span><\/p>\n<\/div>\n<\/div>\n<\/div>\n<\/div><\/div>\n<div id=\"cmsmasters_column_5yu7upmak\" class=\"cmsmasters_column one_half\">\n<div class=\"cmsmasters_column_inner\"><div id=\"cmsmasters_icon_box_vzo32a0hog\" class=\"cmsmasters_icon_box cmsmasters_icon_heading_left box_icon_type_icon\">\n<div class=\"icon_box_inner\">\n<h3 class=\"icon_box_heading cmsmasters-icon-diamond-1\">Notre Devise<\/h3>\n<div class=\"icon_box_text\">\n<p><span style=\"font-weight: 400;\">\u00ab\u00a0le perfectionnement des saints (chr\u00e9tiens) en vue de l&rsquo;\u0153uvre\u00a0 du minist\u00e8re (ou pour leur travail dans le minist\u00e8re) et de l&rsquo;\u00e9dification du corps de Christ&#8230;\u00a0\u00bb (Eph 4 :12)<\/span><\/p>\n<\/div>\n<\/div>\n<\/div>\n<\/div><\/div>\n<\/div>\n<\/div>\n<\/div>\n<\/div>\n<\/div>\n\n\n\n<div id=\"cmsmasters_row_h4gj50k2bv\" class=\"cmsmasters_row cmsmasters_color_scheme_default cmsmasters_row_top_default cmsmasters_row_bot_default cmsmasters_row_boxed\">\n<div class=\"cmsmasters_row_outer_parent\">\n<div class=\"cmsmasters_row_outer\">\n<div class=\"cmsmasters_row_inner\">\n<div class=\"cmsmasters_row_margin\">\n<div id=\"cmsmasters_column_3yrmb5pvln\" class=\"cmsmasters_column one_first\">\n<div class=\"cmsmasters_column_inner\"><div id=\"cmsmasters_icon_box_7w1f0czpy4\" class=\"cmsmasters_icon_box cmsmasters_icon_heading_left box_icon_type_icon\">\n<div class=\"icon_box_inner\">\n<h3 class=\"icon_box_heading cmsmasters-icon-heart-3\">Notre Identit\u00e9<\/h3>\n<div class=\"icon_box_text\">\n<p>\u00c0 l&rsquo;\u00e9glise \u00c9vang\u00e9lique Matthania \u00e0 Corbeil, nous affirmons que la Bible est inspir\u00e9e de Dieu et qu&rsquo;elle donne les r\u00e9ponses aux questions fondamentales de l&rsquo;existence en offrant une vie nouvelle en J\u00e9sus-Christ.<\/p>\n<p>Nous affirmons que nous sommes fiers de l&rsquo;Evangile : c&rsquo;est la puissance de Dieu par laquelle il sauve tous ceux qui croient, les juifs d&rsquo;abord et aussi les non-juifs. En effet, cet \u00c9vangile nous r\u00e9v\u00e8le en quoi consiste la justice que Dieu accorde : elle est re\u00e7ue par la foi et rien que par la foi, comme il est dit dans l&rsquo;Ecriture : le juste vivra par la foi.\u00a0(Romains 1 : 16-17)<\/p>\n<\/div>\n<\/div>\n<\/div>\n<\/div><\/div>\n<\/div>\n<\/div>\n<\/div>\n<\/div>\n<\/div>\n\n\n\n<div id=\"cmsmasters_row_ppuzvs4hhz\" class=\"cmsmasters_row cmsmasters_color_scheme_default cmsmasters_row_top_default cmsmasters_row_bot_default cmsmasters_row_boxed\">\n<div class=\"cmsmasters_row_outer_parent\">\n<div class=\"cmsmasters_row_outer\">\n<div class=\"cmsmasters_row_inner\">\n<div class=\"cmsmasters_row_margin\">\n<div id=\"cmsmasters_column_mpnigqbrmb\" class=\"cmsmasters_column one_first\">\n<div class=\"cmsmasters_column_inner\">\n<div id=\"cmsmasters_divider_9bdwiy2y2\" class=\"cmsmasters_divider cmsmasters_divider_width_long cmsmasters_divider_pos_center\"><\/div>\n<div id=\"cmsmasters_heading_fe1ah2t3r8\" class=\"cmsmasters_heading_wrap cmsmasters_heading_align_left\">\n\t<h2 class=\"cmsmasters_heading\">Mot d&rsquo;Ordre de l&rsquo;Ann\u00e9e 2026<\/h2>\n<\/div>\n<\/div><\/div>\n<\/div>\n<\/div>\n<\/div>\n<\/div>\n<\/div>\n\n\n\n<div id=\"cmsmasters_row_m12irj0i9\" class=\"cmsmasters_row cmsmasters_color_scheme_default cmsmasters_row_top_default cmsmasters_row_bot_default cmsmasters_row_boxed\">\n<div class=\"cmsmasters_row_outer_parent\">\n<div class=\"cmsmasters_row_outer\">\n<div class=\"cmsmasters_row_inner\">\n<div class=\"cmsmasters_row_margin\">\n<div id=\"cmsmasters_column_cs2ivbuzjf\" class=\"cmsmasters_column one_third\">\n<div class=\"cmsmasters_column_inner\"><div class=\"cmsmasters_quotes_slider_wrap\">\n<div id=\"cmsmasters_quotes_slider_wfehngshmc\" class=\"cmsmasters_quotes cmsmasters_quotes_slider cmsmasters_quotes_slider_type_center cmsmasters_owl_slider owl-carousel\" data-auto-play=\"10000\" data-pagination=\"false\" data-navigation=\"true\"><div class=\"cmsmasters_quote cmsmasters_owl_slider_item\">\n<!--_________________________ Start Quote Slider Article _________________________ -->\r\n<article class=\"cmsmasters_quote_inner\"><div class=\"cmsmasters_quote_placeholder\"><\/div><div class=\"cmsmasters_quote_content\">\n<h3>Je n&rsquo;ai pas de plus grande joie que d&rsquo;entendre dire de mes enfants qu&rsquo;ils marchent dans la v\u00e9rit\u00e9.<\/h3>\n<\/div><header class=\"cmsmasters_quote_header\"><h4 class=\"cmsmasters_quote_title\">\u202d\u202d3 Jean\u202c \u202d1:4 <\/h4><\/header><\/article>\r\n<!--_________________________ Finish Quote Slider Article _________________________ -->\r\n\r\n<\/div>\n<\/div>\n<\/div>\n<\/div><\/div>\n<div id=\"cmsmasters_column_dmt4qgxw4b\" class=\"cmsmasters_column two_third\">\n<div class=\"cmsmasters_column_inner\"><div class=\"cmsmasters_content_slider_wrap\" style=\"max-width:px;\"><div id=\"cmsmasters_slider_m8p2h218ob\" class=\"cmsmasters_owl_slider owl-carousel cmsmasters_content_slider\" data-auto-play=\"7000\" data-stop-on-hover=\"true\" data-rewind-nav=\"true\" data-slide-speed=\"600\" data-pagination-speed=\"600\" data-rewind-speed=\"1000\" data-transition-style=\"false\" data-pagination=\"true\" data-navigation=\"false\"><div class=\"cmsmasters_owl_slider_item cmsmasters_content_slider_item\"><img loading=\"lazy\" decoding=\"async\" width=\"6000\" height=\"4000\" src=\"https:\/\/eglisematthania.com\/wp-content\/uploads\/2020\/03\/Ciel-10.jpg\" class=\"attachment-full size-full\" alt=\"\" srcset=\"https:\/\/eglisematthania.com\/wp-content\/uploads\/2020\/03\/Ciel-10.jpg 6000w, https:\/\/eglisematthania.com\/wp-content\/uploads\/2020\/03\/Ciel-10-300x200.jpg 300w, https:\/\/eglisematthania.com\/wp-content\/uploads\/2020\/03\/Ciel-10-768x512.jpg 768w, https:\/\/eglisematthania.com\/wp-content\/uploads\/2020\/03\/Ciel-10-1024x683.jpg 1024w, https:\/\/eglisematthania.com\/wp-content\/uploads\/2020\/03\/Ciel-10-580x387.jpg 580w, https:\/\/eglisematthania.com\/wp-content\/uploads\/2020\/03\/Ciel-10-860x573.jpg 860w, https:\/\/eglisematthania.com\/wp-content\/uploads\/2020\/03\/Ciel-10-1160x773.jpg 1160w, https:\/\/eglisematthania.com\/wp-content\/uploads\/2020\/03\/Ciel-10-1320x880.jpg 1320w, https:\/\/eglisematthania.com\/wp-content\/uploads\/2020\/03\/Ciel-10-600x400.jpg 600w\" sizes=\"auto, (max-width: 6000px) 100vw, 6000px\" \/><\/div><\/div>\n<\/div>\n<\/div><\/div>\n<\/div>\n<\/div>\n<\/div>\n<\/div>\n<\/div>\n\n<\/div><\/div>\n","protected":false},"excerpt":{"rendered":"","protected":false},"author":1,"featured_media":0,"parent":0,"menu_order":0,"comment_status":"closed","ping_status":"closed","template":"","meta":{"footnotes":""},"class_list":["post-30","page","type-page","status-publish","hentry"],"yoast_head":"<!-- This site is optimized with the Yoast SEO plugin v27.3 - https:\/\/yoast.com\/product\/yoast-seo-wordpress\/ -->\n<title>Qui sommes-nous ? - Eglise Matthania<\/title>\n<meta name=\"robots\" content=\"index, follow, max-snippet:-1, max-image-preview:large, max-video-preview:-1\" \/>\n<link rel=\"canonical\" href=\"https:\/\/eglisematthania.com\/index.php\/qui-sommes-nous\/\" \/>\n<meta property=\"og:locale\" content=\"fr_FR\" \/>\n<meta property=\"og:type\" content=\"article\" \/>\n<meta property=\"og:title\" content=\"Qui sommes-nous ? - Eglise Matthania\" \/>\n<meta property=\"og:url\" content=\"https:\/\/eglisematthania.com\/index.php\/qui-sommes-nous\/\" \/>\n<meta property=\"og:site_name\" content=\"Eglise Matthania\" \/>\n<meta property=\"article:modified_time\" content=\"2026-01-04T18:28:25+00:00\" \/>\n<meta name=\"twitter:card\" content=\"summary_large_image\" \/>\n<meta name=\"twitter:label1\" content=\"Dur\u00e9e de lecture estim\u00e9e\" \/>\n\t<meta name=\"twitter:data1\" content=\"3 minutes\" \/>\n<script type=\"application\/ld+json\" class=\"yoast-schema-graph\">{\"@context\":\"https:\\\/\\\/schema.org\",\"@graph\":[{\"@type\":\"WebPage\",\"@id\":\"https:\\\/\\\/eglisematthania.com\\\/index.php\\\/qui-sommes-nous\\\/\",\"url\":\"https:\\\/\\\/eglisematthania.com\\\/index.php\\\/qui-sommes-nous\\\/\",\"name\":\"Qui sommes-nous ? - Eglise Matthania\",\"isPartOf\":{\"@id\":\"https:\\\/\\\/eglisematthania.com\\\/#website\"},\"datePublished\":\"2020-03-15T20:58:05+00:00\",\"dateModified\":\"2026-01-04T18:28:25+00:00\",\"breadcrumb\":{\"@id\":\"https:\\\/\\\/eglisematthania.com\\\/index.php\\\/qui-sommes-nous\\\/#breadcrumb\"},\"inLanguage\":\"fr-FR\",\"potentialAction\":[{\"@type\":\"ReadAction\",\"target\":[\"https:\\\/\\\/eglisematthania.com\\\/index.php\\\/qui-sommes-nous\\\/\"]}]},{\"@type\":\"BreadcrumbList\",\"@id\":\"https:\\\/\\\/eglisematthania.com\\\/index.php\\\/qui-sommes-nous\\\/#breadcrumb\",\"itemListElement\":[{\"@type\":\"ListItem\",\"position\":1,\"name\":\"Accueil\",\"item\":\"https:\\\/\\\/eglisematthania.com\\\/\"},{\"@type\":\"ListItem\",\"position\":2,\"name\":\"Qui sommes-nous ?\"}]},{\"@type\":\"WebSite\",\"@id\":\"https:\\\/\\\/eglisematthania.com\\\/#website\",\"url\":\"https:\\\/\\\/eglisematthania.com\\\/\",\"name\":\"Eglise Matthania\",\"description\":\"\u00e9glise Protestante \u00e9vang\u00e9lique\",\"publisher\":{\"@id\":\"https:\\\/\\\/eglisematthania.com\\\/#organization\"},\"potentialAction\":[{\"@type\":\"SearchAction\",\"target\":{\"@type\":\"EntryPoint\",\"urlTemplate\":\"https:\\\/\\\/eglisematthania.com\\\/?s={search_term_string}\"},\"query-input\":{\"@type\":\"PropertyValueSpecification\",\"valueRequired\":true,\"valueName\":\"search_term_string\"}}],\"inLanguage\":\"fr-FR\"},{\"@type\":\"Organization\",\"@id\":\"https:\\\/\\\/eglisematthania.com\\\/#organization\",\"name\":\"Eglise Protestante \u00c9vang\u00e9lique Matthania\",\"url\":\"https:\\\/\\\/eglisematthania.com\\\/\",\"logo\":{\"@type\":\"ImageObject\",\"inLanguage\":\"fr-FR\",\"@id\":\"https:\\\/\\\/eglisematthania.com\\\/#\\\/schema\\\/logo\\\/image\\\/\",\"url\":\"https:\\\/\\\/eglisematthania.com\\\/wp-content\\\/uploads\\\/2020\\\/03\\\/LogoSite3.png\",\"contentUrl\":\"https:\\\/\\\/eglisematthania.com\\\/wp-content\\\/uploads\\\/2020\\\/03\\\/LogoSite3.png\",\"width\":258,\"height\":55,\"caption\":\"Eglise Protestante \u00c9vang\u00e9lique Matthania\"},\"image\":{\"@id\":\"https:\\\/\\\/eglisematthania.com\\\/#\\\/schema\\\/logo\\\/image\\\/\"}}]}<\/script>\n<!-- \/ Yoast SEO plugin. -->","yoast_head_json":{"title":"Qui sommes-nous ? - Eglise Matthania","robots":{"index":"index","follow":"follow","max-snippet":"max-snippet:-1","max-image-preview":"max-image-preview:large","max-video-preview":"max-video-preview:-1"},"canonical":"https:\/\/eglisematthania.com\/index.php\/qui-sommes-nous\/","og_locale":"fr_FR","og_type":"article","og_title":"Qui sommes-nous ? - Eglise Matthania","og_url":"https:\/\/eglisematthania.com\/index.php\/qui-sommes-nous\/","og_site_name":"Eglise Matthania","article_modified_time":"2026-01-04T18:28:25+00:00","twitter_card":"summary_large_image","twitter_misc":{"Dur\u00e9e de lecture estim\u00e9e":"3 minutes"},"schema":{"@context":"https:\/\/schema.org","@graph":[{"@type":"WebPage","@id":"https:\/\/eglisematthania.com\/index.php\/qui-sommes-nous\/","url":"https:\/\/eglisematthania.com\/index.php\/qui-sommes-nous\/","name":"Qui sommes-nous ? - Eglise Matthania","isPartOf":{"@id":"https:\/\/eglisematthania.com\/#website"},"datePublished":"2020-03-15T20:58:05+00:00","dateModified":"2026-01-04T18:28:25+00:00","breadcrumb":{"@id":"https:\/\/eglisematthania.com\/index.php\/qui-sommes-nous\/#breadcrumb"},"inLanguage":"fr-FR","potentialAction":[{"@type":"ReadAction","target":["https:\/\/eglisematthania.com\/index.php\/qui-sommes-nous\/"]}]},{"@type":"BreadcrumbList","@id":"https:\/\/eglisematthania.com\/index.php\/qui-sommes-nous\/#breadcrumb","itemListElement":[{"@type":"ListItem","position":1,"name":"Accueil","item":"https:\/\/eglisematthania.com\/"},{"@type":"ListItem","position":2,"name":"Qui sommes-nous ?"}]},{"@type":"WebSite","@id":"https:\/\/eglisematthania.com\/#website","url":"https:\/\/eglisematthania.com\/","name":"Eglise Matthania","description":"\u00e9glise Protestante \u00e9vang\u00e9lique","publisher":{"@id":"https:\/\/eglisematthania.com\/#organization"},"potentialAction":[{"@type":"SearchAction","target":{"@type":"EntryPoint","urlTemplate":"https:\/\/eglisematthania.com\/?s={search_term_string}"},"query-input":{"@type":"PropertyValueSpecification","valueRequired":true,"valueName":"search_term_string"}}],"inLanguage":"fr-FR"},{"@type":"Organization","@id":"https:\/\/eglisematthania.com\/#organization","name":"Eglise Protestante \u00c9vang\u00e9lique Matthania","url":"https:\/\/eglisematthania.com\/","logo":{"@type":"ImageObject","inLanguage":"fr-FR","@id":"https:\/\/eglisematthania.com\/#\/schema\/logo\/image\/","url":"https:\/\/eglisematthania.com\/wp-content\/uploads\/2020\/03\/LogoSite3.png","contentUrl":"https:\/\/eglisematthania.com\/wp-content\/uploads\/2020\/03\/LogoSite3.png","width":258,"height":55,"caption":"Eglise Protestante \u00c9vang\u00e9lique Matthania"},"image":{"@id":"https:\/\/eglisematthania.com\/#\/schema\/logo\/image\/"}}]}},"_links":{"self":[{"href":"https:\/\/eglisematthania.com\/index.php\/wp-json\/wp\/v2\/pages\/30","targetHints":{"allow":["GET"]}}],"collection":[{"href":"https:\/\/eglisematthania.com\/index.php\/wp-json\/wp\/v2\/pages"}],"about":[{"href":"https:\/\/eglisematthania.com\/index.php\/wp-json\/wp\/v2\/types\/page"}],"author":[{"embeddable":true,"href":"https:\/\/eglisematthania.com\/index.php\/wp-json\/wp\/v2\/users\/1"}],"replies":[{"embeddable":true,"href":"https:\/\/eglisematthania.com\/index.php\/wp-json\/wp\/v2\/comments?post=30"}],"version-history":[{"count":52,"href":"https:\/\/eglisematthania.com\/index.php\/wp-json\/wp\/v2\/pages\/30\/revisions"}],"predecessor-version":[{"id":3187,"href":"https:\/\/eglisematthania.com\/index.php\/wp-json\/wp\/v2\/pages\/30\/revisions\/3187"}],"wp:attachment":[{"href":"https:\/\/eglisematthania.com\/index.php\/wp-json\/wp\/v2\/media?parent=30"}],"curies":[{"name":"wp","href":"https:\/\/api.w.org\/{rel}","templated":true}]}}